{"id":332,"date":"2020-08-17T17:03:50","date_gmt":"2020-08-17T21:03:50","guid":{"rendered":"https:\/\/soynuevaprensadigital.com\/news1053fm\/?page_id=332"},"modified":"2022-05-27T14:30:02","modified_gmt":"2022-05-27T18:30:02","slug":"nosotros","status":"publish","type":"page","link":"https:\/\/soynuevaprensadigital.com\/news1053fm\/nosotros\/","title":{"rendered":"Nosotros"},"content":{"rendered":"<h3 style=\"text-align: justify\">\u00bfQu\u00e9 somos?<\/h3>\n<p style=\"text-align: justify\">News FM es una emisora de radio de Venezuela con base en Ciudad Guayana, forma parte del Grupo Comunicacional\u00a0 RG. Est\u00e1 orientada a la m\u00fasica pop anglo en espa\u00f1ol e ingl\u00e9s con programaci\u00f3n informativa, de opini\u00f3n, entrenamiento, resaltando los valores tradicionales venezolanos e impulsando al talento regional, bajo el eslogan \u201cSe escucha, se ve y se siente\u201d.<\/p>\n<p style=\"text-align: justify\">La programaci\u00f3n News va dirigida al target del adulto contempor\u00e1nea.<\/p>\n<h3 style=\"text-align: justify\">Historia<\/h3>\n<p style=\"text-align: justify\">News FM fue fundada por el Ing. Rub\u00e9n Gamarra y la Dra. Jalousie Fondacci como un complemento del Nueva Prensa de Guayana, tambi\u00e9n perteneciente al Grupo Comunicaci\u00f3n RG.<\/p>\n<p style=\"text-align: justify\">La emisora fue autorizada para el a\u00f1o 1999, sin embargo inicio su funcionamiento en 2002 bajo el lema \u201cNoticias cada 15 minutos\u201d, la idea de este proyecto era formar un circuito comunicacional en todo el Oriente del pa\u00eds con el despliegue de corresponsables en la regi\u00f3n para hacer la noticia en vivo, desde el lugar de los hechos.<\/p>\n<p style=\"text-align: justify\">Para sus inicios News operaba en Puerto La Cruz y Puerto Ordaz con mira a abrir sus micr\u00f3fonos en Matur\u00edn y Margarita.<\/p>\n<p style=\"text-align: justify\">News FM Guayana funcion\u00f3 inicialmente en el edif. Oficentro en el Paseo Rotario, actualmente el IVSS.<\/p>\n<p style=\"text-align: justify\">Para este momento contaba con una parrilla inform\u00e1tica completa destacando a programas como: Hoy x hoy, conducido y producido por Atilano Valero Santana, Dialogo a las 10 por el periodista de renombre, Gustavo Monta\u00f1a y Mundo Deportico con el panel encabezado por Gustavo Ortiz, Sergio Ruiz y Rodrigo Malag\u00f3n Forero.<\/p>\n<p style=\"text-align: justify\">En el a\u00f1o 2008 se muda al Centro Empresarial Nueva Prensa de Guayana ubicado en el centro de Alta Vista, Puerto Ordaz, siguiendo con la misma premisa.<\/p>\n<p style=\"text-align: justify\">Posteriormente, News FM hace un refrescamiento en su imagen y eslogan \u201cAl D\u00eda Contigo\u201d, sin perder la esencia para la fue creada informar a la comunidad guayanesa.<\/p>\n<p style=\"text-align: justify\">Para el 2018, vuelve a moldear su \u00a0eslogan a \u201cEstamos contigo\u201d, que dur\u00f3 hasta el a\u00f1o 2019, cuando nuevamente News actualiza su eslogan e imagen gr\u00e1fica bajo la premisa \u201cLa radio que se escucha, se ve y se siente\u201d.<\/p>\n<h3 style=\"text-align: justify\">Objetivo<\/h3>\n<p style=\"text-align: justify\">News FM tiene el compromiso de cumplir con las leyes, reglamentos, acuerdos y disposiciones originadas por las autoridades competentes, enmarcados en la Ley de Responsabilidad Social de Radio y Televisi\u00f3n y garantizar una programaci\u00f3n de calidad y buen contenido a la poblaci\u00f3n guayanesa, para as\u00ed favorecer el buen vivir de la ciudadan\u00eda.<\/p>\n<h3 style=\"text-align: justify\">Misi\u00f3n<\/h3>\n<p style=\"text-align: justify\">Entretener, educar e informar de oportuna, veraz e interactiva a los diferentes sectores sociales, mantenido una l\u00ednea inform\u00e1tica de manera profesional e interactiva con nuestros oyentes acompa\u00f1ado de gran contenido musical, social, cultural y deportivo.<\/p>\n<h3 style=\"text-align: justify\">Visi\u00f3n<\/h3>\n<p style=\"text-align: justify\">Posicionar a News FM como la estaci\u00f3n l\u00edder en sintoniza a nivel local y regional, conservando el estilo e innovaci\u00f3n en recurso humano y t\u00e9cnico y con mirada a formar un circuito nacional.<\/p>\n","protected":false},"excerpt":{"rendered":"<p>\u00bfQu\u00e9 somos? News FM es una emisora de radio de Venezuela con base en Ciudad Guayana, forma parte del Grupo Comunicacional\u00a0 RG. Est\u00e1 orientada a la m\u00fasica pop anglo en espa\u00f1ol e ingl\u00e9s con programaci\u00f3n informativa, de opini\u00f3n, entrenamiento, resaltando los valores tradicionales venezolanos e impulsando al talento regional, bajo el eslogan \u201cSe escucha, se [&hellip;]<\/p>\n","protected":false},"author":1,"featured_media":0,"parent":0,"menu_order":0,"comment_status":"closed","ping_status":"closed","template":"","meta":{"footnotes":""},"class_list":["post-332","page","type-page","status-publish","hentry"],"yoast_head":"<!-- This site is optimized with the Yoast SEO plugin v27.3 - https:\/\/yoast.com\/product\/yoast-seo-wordpress\/ -->\n<title>Nosotros - News 105.3 FM<\/title>\n<meta name=\"robots\" content=\"index, follow, max-snippet:-1, max-image-preview:large, max-video-preview:-1\" \/>\n<link rel=\"canonical\" href=\"https:\/\/soynuevaprensadigital.com\/news1053fm\/nosotros\/\" \/>\n<meta property=\"og:locale\" content=\"es_ES\" \/>\n<meta property=\"og:type\" content=\"article\" \/>\n<meta property=\"og:title\" content=\"Nosotros - News 105.3 FM\" \/>\n<meta property=\"og:description\" content=\"\u00bfQu\u00e9 somos? News FM es una emisora de radio de Venezuela con base en Ciudad Guayana, forma parte del Grupo Comunicacional\u00a0 RG. Est\u00e1 orientada a la m\u00fasica pop anglo en espa\u00f1ol e ingl\u00e9s con programaci\u00f3n informativa, de opini\u00f3n, entrenamiento, resaltando los valores tradicionales venezolanos e impulsando al talento regional, bajo el eslogan \u201cSe escucha, se [&hellip;]\" \/>\n<meta property=\"og:url\" content=\"https:\/\/soynuevaprensadigital.com\/news1053fm\/nosotros\/\" \/>\n<meta property=\"og:site_name\" content=\"News 105.3 FM\" \/>\n<meta property=\"article:publisher\" content=\"https:\/\/www.facebook.com\/News1053fm-1655395028099413\/\" \/>\n<meta property=\"article:modified_time\" content=\"2022-05-27T18:30:02+00:00\" \/>\n<meta name=\"twitter:card\" content=\"summary_large_image\" \/>\n<meta name=\"twitter:site\" content=\"@news105_3fm\" \/>\n<meta name=\"twitter:label1\" content=\"Tiempo de lectura\" \/>\n\t<meta name=\"twitter:data1\" content=\"3 minutos\" \/>\n<script type=\"application\/ld+json\" class=\"yoast-schema-graph\">{\"@context\":\"https:\\\/\\\/schema.org\",\"@graph\":[{\"@type\":\"WebPage\",\"@id\":\"https:\\\/\\\/soynuevaprensadigital.com\\\/news1053fm\\\/nosotros\\\/\",\"url\":\"https:\\\/\\\/soynuevaprensadigital.com\\\/news1053fm\\\/nosotros\\\/\",\"name\":\"Nosotros - News 105.3 FM\",\"isPartOf\":{\"@id\":\"https:\\\/\\\/soynuevaprensadigital.com\\\/news1053fm\\\/#website\"},\"datePublished\":\"2020-08-17T21:03:50+00:00\",\"dateModified\":\"2022-05-27T18:30:02+00:00\",\"breadcrumb\":{\"@id\":\"https:\\\/\\\/soynuevaprensadigital.com\\\/news1053fm\\\/nosotros\\\/#breadcrumb\"},\"inLanguage\":\"es\",\"potentialAction\":[{\"@type\":\"ReadAction\",\"target\":[\"https:\\\/\\\/soynuevaprensadigital.com\\\/news1053fm\\\/nosotros\\\/\"]}]},{\"@type\":\"BreadcrumbList\",\"@id\":\"https:\\\/\\\/soynuevaprensadigital.com\\\/news1053fm\\\/nosotros\\\/#breadcrumb\",\"itemListElement\":[{\"@type\":\"ListItem\",\"position\":1,\"name\":\"Portada\",\"item\":\"https:\\\/\\\/soynuevaprensadigital.com\\\/news1053fm\\\/\"},{\"@type\":\"ListItem\",\"position\":2,\"name\":\"Nosotros\"}]},{\"@type\":\"WebSite\",\"@id\":\"https:\\\/\\\/soynuevaprensadigital.com\\\/news1053fm\\\/#website\",\"url\":\"https:\\\/\\\/soynuevaprensadigital.com\\\/news1053fm\\\/\",\"name\":\"News 105.3 FM\",\"description\":\"Nuestro compromiso contigo nos permite ofrecerte la radio de mejor calidad, la frecuencia m\u00e1s limpia yel entretenimiento para todos los gustos.\",\"potentialAction\":[{\"@type\":\"SearchAction\",\"target\":{\"@type\":\"EntryPoint\",\"urlTemplate\":\"https:\\\/\\\/soynuevaprensadigital.com\\\/news1053fm\\\/?s={search_term_string}\"},\"query-input\":{\"@type\":\"PropertyValueSpecification\",\"valueRequired\":true,\"valueName\":\"search_term_string\"}}],\"inLanguage\":\"es\"}]}<\/script>\n<!-- \/ Yoast SEO plugin. -->","yoast_head_json":{"title":"Nosotros - News 105.3 FM","robots":{"index":"index","follow":"follow","max-snippet":"max-snippet:-1","max-image-preview":"max-image-preview:large","max-video-preview":"max-video-preview:-1"},"canonical":"https:\/\/soynuevaprensadigital.com\/news1053fm\/nosotros\/","og_locale":"es_ES","og_type":"article","og_title":"Nosotros - News 105.3 FM","og_description":"\u00bfQu\u00e9 somos? News FM es una emisora de radio de Venezuela con base en Ciudad Guayana, forma parte del Grupo Comunicacional\u00a0 RG. Est\u00e1 orientada a la m\u00fasica pop anglo en espa\u00f1ol e ingl\u00e9s con programaci\u00f3n informativa, de opini\u00f3n, entrenamiento, resaltando los valores tradicionales venezolanos e impulsando al talento regional, bajo el eslogan \u201cSe escucha, se [&hellip;]","og_url":"https:\/\/soynuevaprensadigital.com\/news1053fm\/nosotros\/","og_site_name":"News 105.3 FM","article_publisher":"https:\/\/www.facebook.com\/News1053fm-1655395028099413\/","article_modified_time":"2022-05-27T18:30:02+00:00","twitter_card":"summary_large_image","twitter_site":"@news105_3fm","twitter_misc":{"Tiempo de lectura":"3 minutos"},"schema":{"@context":"https:\/\/schema.org","@graph":[{"@type":"WebPage","@id":"https:\/\/soynuevaprensadigital.com\/news1053fm\/nosotros\/","url":"https:\/\/soynuevaprensadigital.com\/news1053fm\/nosotros\/","name":"Nosotros - News 105.3 FM","isPartOf":{"@id":"https:\/\/soynuevaprensadigital.com\/news1053fm\/#website"},"datePublished":"2020-08-17T21:03:50+00:00","dateModified":"2022-05-27T18:30:02+00:00","breadcrumb":{"@id":"https:\/\/soynuevaprensadigital.com\/news1053fm\/nosotros\/#breadcrumb"},"inLanguage":"es","potentialAction":[{"@type":"ReadAction","target":["https:\/\/soynuevaprensadigital.com\/news1053fm\/nosotros\/"]}]},{"@type":"BreadcrumbList","@id":"https:\/\/soynuevaprensadigital.com\/news1053fm\/nosotros\/#breadcrumb","itemListElement":[{"@type":"ListItem","position":1,"name":"Portada","item":"https:\/\/soynuevaprensadigital.com\/news1053fm\/"},{"@type":"ListItem","position":2,"name":"Nosotros"}]},{"@type":"WebSite","@id":"https:\/\/soynuevaprensadigital.com\/news1053fm\/#website","url":"https:\/\/soynuevaprensadigital.com\/news1053fm\/","name":"News 105.3 FM","description":"Nuestro compromiso contigo nos permite ofrecerte la radio de mejor calidad, la frecuencia m\u00e1s limpia yel entretenimiento para todos los gustos.","potentialAction":[{"@type":"SearchAction","target":{"@type":"EntryPoint","urlTemplate":"https:\/\/soynuevaprensadigital.com\/news1053fm\/?s={search_term_string}"},"query-input":{"@type":"PropertyValueSpecification","valueRequired":true,"valueName":"search_term_string"}}],"inLanguage":"es"}]}},"_links":{"self":[{"href":"https:\/\/soynuevaprensadigital.com\/news1053fm\/wp-json\/wp\/v2\/pages\/332","targetHints":{"allow":["GET"]}}],"collection":[{"href":"https:\/\/soynuevaprensadigital.com\/news1053fm\/wp-json\/wp\/v2\/pages"}],"about":[{"href":"https:\/\/soynuevaprensadigital.com\/news1053fm\/wp-json\/wp\/v2\/types\/page"}],"author":[{"embeddable":true,"href":"https:\/\/soynuevaprensadigital.com\/news1053fm\/wp-json\/wp\/v2\/users\/1"}],"replies":[{"embeddable":true,"href":"https:\/\/soynuevaprensadigital.com\/news1053fm\/wp-json\/wp\/v2\/comments?post=332"}],"version-history":[{"count":0,"href":"https:\/\/soynuevaprensadigital.com\/news1053fm\/wp-json\/wp\/v2\/pages\/332\/revisions"}],"wp:attachment":[{"href":"https:\/\/soynuevaprensadigital.com\/news1053fm\/wp-json\/wp\/v2\/media?parent=332"}],"curies":[{"name":"wp","href":"https:\/\/api.w.org\/{rel}","templated":true}]}}